{"id":612,"date":"2022-04-29T16:41:41","date_gmt":"2022-04-29T16:41:41","guid":{"rendered":"https:\/\/wservice.com.br\/site\/?page_id=612"},"modified":"2024-06-11T13:39:24","modified_gmt":"2024-06-11T13:39:24","slug":"certificacoes-w-power","status":"publish","type":"page","link":"https:\/\/wservice.com.br\/site\/empresa\/w-power\/certificacoes-w-power\/","title":{"rendered":"CERTIFICA\u00c7\u00d5ES W-POWER"},"content":{"rendered":"\t\t<div data-elementor-type=\"wp-page\" data-elementor-id=\"612\" class=\"elementor elementor-612\">\n\t\t\t\t\t\t<section class=\"elementor-section elementor-top-section elementor-element elementor-element-52948a97 elementor-section-boxed elementor-section-height-default elementor-section-height-default\" data-id=\"52948a97\" data-element_type=\"section\" data-settings=\"{&quot;background_background&quot;:&quot;classic&quot;}\">\n\t\t\t\t\t\t\t<div class=\"elementor-background-overlay\"><\/div>\n\t\t\t\t\t\t\t<div class=\"elementor-container elementor-column-gap-default\">\n\t\t\t\t\t<div class=\"elementor-column elementor-col-100 elementor-top-column elementor-element elementor-element-48776c28\" data-id=\"48776c28\" data-element_type=\"column\" data-settings=\"{&quot;background_background&quot;:&quot;classic&quot;}\">\n\t\t\t<div class=\"elementor-widget-wrap elementor-element-populated\">\n\t\t\t\t\t\t<div class=\"elementor-element elementor-element-795f98d4 elementor-widget elementor-widget-heading\" data-id=\"795f98d4\" data-element_type=\"widget\" data-widget_type=\"heading.default\">\n\t\t\t\t<div class=\"elementor-widget-container\">\n\t\t\t\t\t<h1 class=\"elementor-heading-title elementor-size-default\">Certifica\u00e7\u00f5es W-POWER<\/h1>\t\t\t\t<\/div>\n\t\t\t\t<\/div>\n\t\t\t\t\t<\/div>\n\t\t<\/div>\n\t\t\t\t\t<\/div>\n\t\t<\/section>\n\t\t\t\t<section class=\"elementor-section elementor-top-section elementor-element elementor-element-64e5418a elementor-section-full_width elementor-section-height-default elementor-section-height-default\" data-id=\"64e5418a\" data-element_type=\"section\">\n\t\t\t\t\t\t<div class=\"elementor-container elementor-column-gap-no\">\n\t\t\t\t\t<div class=\"elementor-column elementor-col-100 elementor-top-column elementor-element elementor-element-1fb6b824\" data-id=\"1fb6b824\" data-element_type=\"column\">\n\t\t\t<div class=\"elementor-widget-wrap elementor-element-populated\">\n\t\t\t\t\t\t<div class=\"elementor-element elementor-element-57cb8520 elementor-widget elementor-widget-spacer\" data-id=\"57cb8520\" data-element_type=\"widget\" data-widget_type=\"spacer.default\">\n\t\t\t\t<div class=\"elementor-widget-container\">\n\t\t\t\t\t\t\t<div class=\"elementor-spacer\">\n\t\t\t<div class=\"elementor-spacer-inner\"><\/div>\n\t\t<\/div>\n\t\t\t\t\t\t<\/div>\n\t\t\t\t<\/div>\n\t\t\t\t\t<\/div>\n\t\t<\/div>\n\t\t\t\t\t<\/div>\n\t\t<\/section>\n\t\t\t\t<section class=\"elementor-section elementor-top-section elementor-element elementor-element-74d3f670 elementor-section-boxed elementor-section-height-default elementor-section-height-default\" data-id=\"74d3f670\" data-element_type=\"section\" data-settings=\"{&quot;background_background&quot;:&quot;classic&quot;}\">\n\t\t\t\t\t\t\t<div class=\"elementor-background-overlay\"><\/div>\n\t\t\t\t\t\t\t<div class=\"elementor-container elementor-column-gap-no\">\n\t\t\t\t\t<div class=\"elementor-column elementor-col-100 elementor-top-column elementor-element elementor-element-308aa864\" data-id=\"308aa864\" data-element_type=\"column\">\n\t\t\t<div class=\"elementor-widget-wrap elementor-element-populated\">\n\t\t\t\t\t\t<section class=\"elementor-section elementor-inner-section elementor-element elementor-element-06326e4 elementor-section-boxed elementor-section-height-default elementor-section-height-default\" data-id=\"06326e4\" data-element_type=\"section\">\n\t\t\t\t\t\t<div class=\"elementor-container elementor-column-gap-default\">\n\t\t\t\t\t<div class=\"elementor-column elementor-col-33 elementor-inner-column elementor-element elementor-element-3ebe58f\" data-id=\"3ebe58f\" data-element_type=\"column\" data-settings=\"{&quot;background_background&quot;:&quot;classic&quot;}\">\n\t\t\t<div class=\"elementor-widget-wrap elementor-element-populated\">\n\t\t\t\t\t\t<div class=\"elementor-element elementor-element-c395bb4 elementor-widget elementor-widget-heading\" data-id=\"c395bb4\" data-element_type=\"widget\" data-widget_type=\"heading.default\">\n\t\t\t\t<div class=\"elementor-widget-container\">\n\t\t\t\t\t<h4 class=\"elementor-heading-title elementor-size-default\">ISO-9001<\/h4>\t\t\t\t<\/div>\n\t\t\t\t<\/div>\n\t\t\t\t<div class=\"elementor-element elementor-element-1d7c888 elementor-widget elementor-widget-image\" data-id=\"1d7c888\" data-element_type=\"widget\" data-widget_type=\"image.default\">\n\t\t\t\t<div class=\"elementor-widget-container\">\n\t\t\t\t\t\t\t\t\t\t\t\t\t\t\t\t<a href=\"https:\/\/wservice.com.br\/site\/wp-content\/uploads\/2024\/06\/certificado_ISO-9001-W-POWER.jpg\" data-elementor-open-lightbox=\"yes\" data-elementor-lightbox-title=\"certificado_ISO-9001-W-POWER\" data-e-action-hash=\"#elementor-action%3Aaction%3Dlightbox%26settings%3DeyJpZCI6MTMwNywidXJsIjoiaHR0cHM6XC9cL3dzZXJ2aWNlLmNvbS5iclwvc2l0ZVwvd3AtY29udGVudFwvdXBsb2Fkc1wvMjAyNFwvMDZcL2NlcnRpZmljYWRvX0lTTy05MDAxLVctUE9XRVIuanBnIn0%3D\">\n\t\t\t\t\t\t\t<img fetchpriority=\"high\" decoding=\"async\" width=\"680\" height=\"962\" src=\"https:\/\/wservice.com.br\/site\/wp-content\/uploads\/2024\/06\/certificado_ISO-9001-W-POWER.jpg\" class=\"attachment-large size-large wp-image-1307\" alt=\"\" srcset=\"https:\/\/wservice.com.br\/site\/wp-content\/uploads\/2024\/06\/certificado_ISO-9001-W-POWER.jpg 680w, https:\/\/wservice.com.br\/site\/wp-content\/uploads\/2024\/06\/certificado_ISO-9001-W-POWER-212x300.jpg 212w\" sizes=\"(max-width: 680px) 100vw, 680px\" \/>\t\t\t\t\t\t\t\t<\/a>\n\t\t\t\t\t\t\t\t\t\t\t\t\t\t\t<\/div>\n\t\t\t\t<\/div>\n\t\t\t\t<div class=\"elementor-element elementor-element-5ed646b elementor-widget elementor-widget-heading\" data-id=\"5ed646b\" data-element_type=\"widget\" data-widget_type=\"heading.default\">\n\t\t\t\t<div class=\"elementor-widget-container\">\n\t\t\t\t\t<h6 class=\"elementor-heading-title elementor-size-default\">QUALIDADE<\/h6>\t\t\t\t<\/div>\n\t\t\t\t<\/div>\n\t\t\t\t\t<\/div>\n\t\t<\/div>\n\t\t\t\t<div class=\"elementor-column elementor-col-33 elementor-inner-column elementor-element elementor-element-f388b33\" data-id=\"f388b33\" data-element_type=\"column\" data-settings=\"{&quot;background_background&quot;:&quot;classic&quot;}\">\n\t\t\t<div class=\"elementor-widget-wrap elementor-element-populated\">\n\t\t\t\t\t\t<div class=\"elementor-element elementor-element-91adb5e elementor-widget elementor-widget-heading\" data-id=\"91adb5e\" data-element_type=\"widget\" data-widget_type=\"heading.default\">\n\t\t\t\t<div class=\"elementor-widget-container\">\n\t\t\t\t\t<h4 class=\"elementor-heading-title elementor-size-default\">ISO-14001<\/h4>\t\t\t\t<\/div>\n\t\t\t\t<\/div>\n\t\t\t\t<div class=\"elementor-element elementor-element-a367b2e elementor-widget elementor-widget-image\" data-id=\"a367b2e\" data-element_type=\"widget\" data-widget_type=\"image.default\">\n\t\t\t\t<div class=\"elementor-widget-container\">\n\t\t\t\t\t\t\t\t\t\t\t\t\t\t\t\t<a href=\"https:\/\/wservice.com.br\/site\/wp-content\/uploads\/2024\/06\/certificado_ISO-14001-W-POWER.jpg\" data-elementor-open-lightbox=\"yes\" data-elementor-lightbox-title=\"certificado_ISO-14001-W-POWER\" data-e-action-hash=\"#elementor-action%3Aaction%3Dlightbox%26settings%3DeyJpZCI6MTMwOCwidXJsIjoiaHR0cHM6XC9cL3dzZXJ2aWNlLmNvbS5iclwvc2l0ZVwvd3AtY29udGVudFwvdXBsb2Fkc1wvMjAyNFwvMDZcL2NlcnRpZmljYWRvX0lTTy0xNDAwMS1XLVBPV0VSLmpwZyJ9\">\n\t\t\t\t\t\t\t<img decoding=\"async\" width=\"680\" height=\"962\" src=\"https:\/\/wservice.com.br\/site\/wp-content\/uploads\/2024\/06\/certificado_ISO-14001-W-POWER.jpg\" class=\"attachment-large size-large wp-image-1308\" alt=\"\" srcset=\"https:\/\/wservice.com.br\/site\/wp-content\/uploads\/2024\/06\/certificado_ISO-14001-W-POWER.jpg 680w, https:\/\/wservice.com.br\/site\/wp-content\/uploads\/2024\/06\/certificado_ISO-14001-W-POWER-212x300.jpg 212w\" sizes=\"(max-width: 680px) 100vw, 680px\" \/>\t\t\t\t\t\t\t\t<\/a>\n\t\t\t\t\t\t\t\t\t\t\t\t\t\t\t<\/div>\n\t\t\t\t<\/div>\n\t\t\t\t<div class=\"elementor-element elementor-element-915efdc elementor-widget elementor-widget-heading\" data-id=\"915efdc\" data-element_type=\"widget\" data-widget_type=\"heading.default\">\n\t\t\t\t<div class=\"elementor-widget-container\">\n\t\t\t\t\t<h6 class=\"elementor-heading-title elementor-size-default\">MEIO AMBIENTE<\/h6>\t\t\t\t<\/div>\n\t\t\t\t<\/div>\n\t\t\t\t\t<\/div>\n\t\t<\/div>\n\t\t\t\t<div class=\"elementor-column elementor-col-33 elementor-inner-column elementor-element elementor-element-73a94de\" data-id=\"73a94de\" data-element_type=\"column\" data-settings=\"{&quot;background_background&quot;:&quot;classic&quot;}\">\n\t\t\t<div class=\"elementor-widget-wrap elementor-element-populated\">\n\t\t\t\t\t\t<div class=\"elementor-element elementor-element-5e0fe49 elementor-widget elementor-widget-heading\" data-id=\"5e0fe49\" data-element_type=\"widget\" data-widget_type=\"heading.default\">\n\t\t\t\t<div class=\"elementor-widget-container\">\n\t\t\t\t\t<h4 class=\"elementor-heading-title elementor-size-default\">ISO-45001<\/h4>\t\t\t\t<\/div>\n\t\t\t\t<\/div>\n\t\t\t\t<div class=\"elementor-element elementor-element-638515b elementor-widget elementor-widget-image\" data-id=\"638515b\" data-element_type=\"widget\" data-widget_type=\"image.default\">\n\t\t\t\t<div class=\"elementor-widget-container\">\n\t\t\t\t\t\t\t\t\t\t\t\t\t\t\t\t<a href=\"https:\/\/wservice.com.br\/site\/wp-content\/uploads\/2024\/06\/certificado_ISO-45001-W-POWER.jpg\" data-elementor-open-lightbox=\"yes\" data-elementor-lightbox-title=\"certificado_ISO-45001-W-POWER\" data-e-action-hash=\"#elementor-action%3Aaction%3Dlightbox%26settings%3DeyJpZCI6MTMwOSwidXJsIjoiaHR0cHM6XC9cL3dzZXJ2aWNlLmNvbS5iclwvc2l0ZVwvd3AtY29udGVudFwvdXBsb2Fkc1wvMjAyNFwvMDZcL2NlcnRpZmljYWRvX0lTTy00NTAwMS1XLVBPV0VSLmpwZyJ9\">\n\t\t\t\t\t\t\t<img decoding=\"async\" width=\"680\" height=\"962\" src=\"https:\/\/wservice.com.br\/site\/wp-content\/uploads\/2024\/06\/certificado_ISO-45001-W-POWER.jpg\" class=\"attachment-large size-large wp-image-1309\" alt=\"\" srcset=\"https:\/\/wservice.com.br\/site\/wp-content\/uploads\/2024\/06\/certificado_ISO-45001-W-POWER.jpg 680w, https:\/\/wservice.com.br\/site\/wp-content\/uploads\/2024\/06\/certificado_ISO-45001-W-POWER-212x300.jpg 212w\" sizes=\"(max-width: 680px) 100vw, 680px\" \/>\t\t\t\t\t\t\t\t<\/a>\n\t\t\t\t\t\t\t\t\t\t\t\t\t\t\t<\/div>\n\t\t\t\t<\/div>\n\t\t\t\t<div class=\"elementor-element elementor-element-664ae88 elementor-widget elementor-widget-heading\" data-id=\"664ae88\" data-element_type=\"widget\" data-widget_type=\"heading.default\">\n\t\t\t\t<div class=\"elementor-widget-container\">\n\t\t\t\t\t<h6 class=\"elementor-heading-title elementor-size-default\">SEGURAN\u00c7A<\/h6>\t\t\t\t<\/div>\n\t\t\t\t<\/div>\n\t\t\t\t\t<\/div>\n\t\t<\/div>\n\t\t\t\t\t<\/div>\n\t\t<\/section>\n\t\t\t\t\t<\/div>\n\t\t<\/div>\n\t\t\t\t\t<\/div>\n\t\t<\/section>\n\t\t\t\t<section class=\"elementor-section elementor-top-section elementor-element elementor-element-74cfd59 elementor-section-boxed elementor-section-height-default elementor-section-height-default\" data-id=\"74cfd59\" data-element_type=\"section\">\n\t\t\t\t\t\t<div class=\"elementor-container elementor-column-gap-default\">\n\t\t\t\t\t<div class=\"elementor-column elementor-col-100 elementor-top-column elementor-element elementor-element-1ef2e97\" data-id=\"1ef2e97\" data-element_type=\"column\">\n\t\t\t<div class=\"elementor-widget-wrap elementor-element-populated\">\n\t\t\t\t\t\t<div class=\"elementor-element elementor-element-12867a0 elementor-widget elementor-widget-heading\" data-id=\"12867a0\" data-element_type=\"widget\" data-widget_type=\"heading.default\">\n\t\t\t\t<div class=\"elementor-widget-container\">\n\t\t\t\t\t<h4 class=\"elementor-heading-title elementor-size-default\">POL\u00cdTICA DO SISTEMA INTEGRADO DE GEST\u00c3O<\/h4>\t\t\t\t<\/div>\n\t\t\t\t<\/div>\n\t\t\t\t<div class=\"elementor-element elementor-element-f4b979e elementor-widget elementor-widget-text-editor\" data-id=\"f4b979e\" data-element_type=\"widget\" data-widget_type=\"text-editor.default\">\n\t\t\t\t<div class=\"elementor-widget-container\">\n\t\t\t\t\t\t\t\t\t<p>O Grupo W-Service alinhada ao contexto da organiza\u00e7\u00e3o e seu direcionamento estrat\u00e9gico, preza pelo bom relacionamento com clientes, provedores externos, comunidade e \u00f3rg\u00e3os regulamentadores.<\/p>\t\t\t\t\t\t\t\t<\/div>\n\t\t\t\t<\/div>\n\t\t\t\t<div class=\"elementor-element elementor-element-b3db8e3 elementor-widget elementor-widget-heading\" data-id=\"b3db8e3\" data-element_type=\"widget\" data-widget_type=\"heading.default\">\n\t\t\t\t<div class=\"elementor-widget-container\">\n\t\t\t\t\t<h4 class=\"elementor-heading-title elementor-size-default\">QUALIDADE<\/h4>\t\t\t\t<\/div>\n\t\t\t\t<\/div>\n\t\t\t\t<div class=\"elementor-element elementor-element-48b839d elementor-widget elementor-widget-text-editor\" data-id=\"48b839d\" data-element_type=\"widget\" data-widget_type=\"text-editor.default\">\n\t\t\t\t<div class=\"elementor-widget-container\">\n\t\t\t\t\t\t\t\t\t<div>\u25cf Trabalhamos perseguindo incansavelmente a excel\u00eancia e a otimiza\u00e7\u00e3o em tudo que fazemos todos os dias, para atingir plenamente a satisfa\u00e7\u00e3o do cliente, atrav\u00e9s da melhoria cont\u00ednua dos processos, do desenvolvimento dos colaboradores e de parcerias duradouras com provedores externos e clientes, criando solu\u00e7\u00f5es inovadoras em produtos e servi\u00e7os.<\/div>\t\t\t\t\t\t\t\t<\/div>\n\t\t\t\t<\/div>\n\t\t\t\t<div class=\"elementor-element elementor-element-4e0b505 elementor-widget elementor-widget-heading\" data-id=\"4e0b505\" data-element_type=\"widget\" data-widget_type=\"heading.default\">\n\t\t\t\t<div class=\"elementor-widget-container\">\n\t\t\t\t\t<h4 class=\"elementor-heading-title elementor-size-default\">SEGURAN\u00c7A, SA\u00daDE OCUPACIONAL<\/h4>\t\t\t\t<\/div>\n\t\t\t\t<\/div>\n\t\t\t\t<div class=\"elementor-element elementor-element-1eb88a4 elementor-widget elementor-widget-text-editor\" data-id=\"1eb88a4\" data-element_type=\"widget\" data-widget_type=\"text-editor.default\">\n\t\t\t\t<div class=\"elementor-widget-container\">\n\t\t\t\t\t\t\t\t\t<div>\u25cf Trabalhamos com seguran\u00e7a valorizando a vida acima de tudo e administramos os riscos de forma apropriada, melhorando continuamente o sistema de gest\u00e3o, buscando incansavelmente criar um local de trabalho livre de incidentes e de modo a proteger e promover a sa\u00fade e o bem-estar das pessoas. Trabalhando assim em um ambiente que promove a inclus\u00e3o, mudan\u00e7as, novas id\u00e9ias e respeito pelo indiv\u00edduo.<\/div>\t\t\t\t\t\t\t\t<\/div>\n\t\t\t\t<\/div>\n\t\t\t\t<div class=\"elementor-element elementor-element-4c57f4b elementor-widget elementor-widget-heading\" data-id=\"4c57f4b\" data-element_type=\"widget\" data-widget_type=\"heading.default\">\n\t\t\t\t<div class=\"elementor-widget-container\">\n\t\t\t\t\t<h4 class=\"elementor-heading-title elementor-size-default\">MEIO AMBIENTE<\/h4>\t\t\t\t<\/div>\n\t\t\t\t<\/div>\n\t\t\t\t<div class=\"elementor-element elementor-element-1cc7180 elementor-widget elementor-widget-text-editor\" data-id=\"1cc7180\" data-element_type=\"widget\" data-widget_type=\"text-editor.default\">\n\t\t\t\t<div class=\"elementor-widget-container\">\n\t\t\t\t\t\t\t\t\t<div>\u25cf Utilizar os recursos naturais de maneira consciente e respons\u00e1vel, prevenindo a polui\u00e7\u00e3o e melhorando continuamente o sistema de gest\u00e3o de maneira a n\u00e3o prejudicar a comunidade e o meio ambiente, apoiando o desenvolvimento sustent\u00e1vel aos nossos processos de tomadas de decis\u00e3o.<\/div>\t\t\t\t\t\t\t\t<\/div>\n\t\t\t\t<\/div>\n\t\t\t\t<div class=\"elementor-element elementor-element-0e8913b elementor-widget elementor-widget-heading\" data-id=\"0e8913b\" data-element_type=\"widget\" data-widget_type=\"heading.default\">\n\t\t\t\t<div class=\"elementor-widget-container\">\n\t\t\t\t\t<h4 class=\"elementor-heading-title elementor-size-default\">LEGISLA\u00c7\u00c3O<\/h4>\t\t\t\t<\/div>\n\t\t\t\t<\/div>\n\t\t\t\t<div class=\"elementor-element elementor-element-8cc6a5b elementor-widget elementor-widget-text-editor\" data-id=\"8cc6a5b\" data-element_type=\"widget\" data-widget_type=\"text-editor.default\">\n\t\t\t\t<div class=\"elementor-widget-container\">\n\t\t\t\t\t\t\t\t\t\u25cf Atender os requisitos legais e outros requisitos aplic\u00e1veis, \u00e9 nossa obriga\u00e7\u00e3o, estabelecer padr\u00f5es elevados relativos a qualidade, meio ambiente, seguran\u00e7a e sa\u00fade ocupacional \u00e9 nosso comprometimento.<br><br>\nS\u00e3o Bernardo do Campo, 10 de Janeiro de 2017.\t\t\t\t\t\t\t\t<\/div>\n\t\t\t\t<\/div>\n\t\t\t\t\t<\/div>\n\t\t<\/div>\n\t\t\t\t\t<\/div>\n\t\t<\/section>\n\t\t\t\t<\/div>\n\t\t","protected":false},"excerpt":{"rendered":"<p>Certifica\u00e7\u00f5es W-POWER ISO-9001 QUALIDADE ISO-14001 MEIO AMBIENTE ISO-45001 SEGURAN\u00c7A POL\u00cdTICA DO SISTEMA INTEGRADO DE GEST\u00c3O O Grupo W-Service alinhada ao contexto da organiza\u00e7\u00e3o e seu direcionamento estrat\u00e9gico, preza pelo bom relacionamento com clientes, provedores externos, comunidade e \u00f3rg\u00e3os regulamentadores. QUALIDADE \u25cf Trabalhamos perseguindo incansavelmente a excel\u00eancia e a otimiza\u00e7\u00e3o em tudo que fazemos todos os [&hellip;]<\/p>\n","protected":false},"author":1,"featured_media":0,"parent":93,"menu_order":0,"comment_status":"closed","ping_status":"closed","template":"","meta":{"footnotes":""},"yst_prominent_words":[],"class_list":["post-612","page","type-page","status-publish","hentry"],"_links":{"self":[{"href":"https:\/\/wservice.com.br\/site\/wp-json\/wp\/v2\/pages\/612","targetHints":{"allow":["GET"]}}],"collection":[{"href":"https:\/\/wservice.com.br\/site\/wp-json\/wp\/v2\/pages"}],"about":[{"href":"https:\/\/wservice.com.br\/site\/wp-json\/wp\/v2\/types\/page"}],"author":[{"embeddable":true,"href":"https:\/\/wservice.com.br\/site\/wp-json\/wp\/v2\/users\/1"}],"replies":[{"embeddable":true,"href":"https:\/\/wservice.com.br\/site\/wp-json\/wp\/v2\/comments?post=612"}],"version-history":[{"count":13,"href":"https:\/\/wservice.com.br\/site\/wp-json\/wp\/v2\/pages\/612\/revisions"}],"predecessor-version":[{"id":1312,"href":"https:\/\/wservice.com.br\/site\/wp-json\/wp\/v2\/pages\/612\/revisions\/1312"}],"up":[{"embeddable":true,"href":"https:\/\/wservice.com.br\/site\/wp-json\/wp\/v2\/pages\/93"}],"wp:attachment":[{"href":"https:\/\/wservice.com.br\/site\/wp-json\/wp\/v2\/media?parent=612"}],"wp:term":[{"taxonomy":"yst_prominent_words","embeddable":true,"href":"https:\/\/wservice.com.br\/site\/wp-json\/wp\/v2\/yst_prominent_words?post=612"}],"curies":[{"name":"wp","href":"https:\/\/api.w.org\/{rel}","templated":true}]}}