{"id":212,"date":"2022-04-18T16:55:40","date_gmt":"2022-04-18T16:55:40","guid":{"rendered":"https:\/\/wservice.com.br\/site\/?page_id=212"},"modified":"2022-06-29T14:33:33","modified_gmt":"2022-06-29T14:33:33","slug":"manutencao-preditiva","status":"publish","type":"page","link":"https:\/\/wservice.com.br\/site\/eng-de-campo\/manutencao-preditiva\/","title":{"rendered":"MANUTEN\u00c7\u00c3O PREDITIVA"},"content":{"rendered":"\t\t<div data-elementor-type=\"wp-page\" data-elementor-id=\"212\" class=\"elementor elementor-212\">\n\t\t\t\t\t\t<section class=\"elementor-section elementor-top-section elementor-element elementor-element-10af482b elementor-section-boxed elementor-section-height-default elementor-section-height-default\" data-id=\"10af482b\" data-element_type=\"section\" data-settings=\"{&quot;background_background&quot;:&quot;classic&quot;}\">\n\t\t\t\t\t\t\t<div class=\"elementor-background-overlay\"><\/div>\n\t\t\t\t\t\t\t<div class=\"elementor-container elementor-column-gap-default\">\n\t\t\t\t\t<div class=\"elementor-column elementor-col-100 elementor-top-column elementor-element elementor-element-76b03bf8\" data-id=\"76b03bf8\" data-element_type=\"column\" data-settings=\"{&quot;background_background&quot;:&quot;classic&quot;}\">\n\t\t\t<div class=\"elementor-widget-wrap elementor-element-populated\">\n\t\t\t\t\t\t<div class=\"elementor-element elementor-element-6580973a elementor-widget elementor-widget-heading\" data-id=\"6580973a\" data-element_type=\"widget\" data-widget_type=\"heading.default\">\n\t\t\t\t<div class=\"elementor-widget-container\">\n\t\t\t\t\t<h1 class=\"elementor-heading-title elementor-size-default\">MANUTEN\u00c7\u00c3O PREDITIVA<\/h1>\t\t\t\t<\/div>\n\t\t\t\t<\/div>\n\t\t\t\t\t<\/div>\n\t\t<\/div>\n\t\t\t\t\t<\/div>\n\t\t<\/section>\n\t\t\t\t<section class=\"elementor-section elementor-top-section elementor-element elementor-element-347f829f elementor-section-full_width elementor-section-height-default elementor-section-height-default\" data-id=\"347f829f\" data-element_type=\"section\">\n\t\t\t\t\t\t<div class=\"elementor-container elementor-column-gap-no\">\n\t\t\t\t\t<div class=\"elementor-column elementor-col-100 elementor-top-column elementor-element elementor-element-466de0a6\" data-id=\"466de0a6\" data-element_type=\"column\">\n\t\t\t<div class=\"elementor-widget-wrap elementor-element-populated\">\n\t\t\t\t\t\t<div class=\"elementor-element elementor-element-2dd5e8f9 elementor-widget elementor-widget-spacer\" data-id=\"2dd5e8f9\" data-element_type=\"widget\" data-widget_type=\"spacer.default\">\n\t\t\t\t<div class=\"elementor-widget-container\">\n\t\t\t\t\t\t\t<div class=\"elementor-spacer\">\n\t\t\t<div class=\"elementor-spacer-inner\"><\/div>\n\t\t<\/div>\n\t\t\t\t\t\t<\/div>\n\t\t\t\t<\/div>\n\t\t\t\t\t<\/div>\n\t\t<\/div>\n\t\t\t\t\t<\/div>\n\t\t<\/section>\n\t\t\t\t<section class=\"elementor-section elementor-top-section elementor-element elementor-element-4582ba7a elementor-reverse-tablet elementor-reverse-mobile elementor-section-boxed elementor-section-height-default elementor-section-height-default\" data-id=\"4582ba7a\" data-element_type=\"section\">\n\t\t\t\t\t\t\t<div class=\"elementor-background-overlay\"><\/div>\n\t\t\t\t\t\t\t<div class=\"elementor-container elementor-column-gap-no\">\n\t\t\t\t\t<div class=\"elementor-column elementor-col-100 elementor-top-column elementor-element elementor-element-1994e8f6\" data-id=\"1994e8f6\" data-element_type=\"column\">\n\t\t\t<div class=\"elementor-widget-wrap elementor-element-populated\">\n\t\t\t\t\t\t<section class=\"elementor-section elementor-inner-section elementor-element elementor-element-3718ba3b elementor-section-boxed elementor-section-height-default elementor-section-height-default\" data-id=\"3718ba3b\" data-element_type=\"section\">\n\t\t\t\t\t\t<div class=\"elementor-container elementor-column-gap-no\">\n\t\t\t\t\t<div class=\"elementor-column elementor-col-50 elementor-inner-column elementor-element elementor-element-6c6db9fb\" data-id=\"6c6db9fb\" data-element_type=\"column\" data-settings=\"{&quot;background_background&quot;:&quot;classic&quot;}\">\n\t\t\t<div class=\"elementor-widget-wrap elementor-element-populated\">\n\t\t\t\t\t\t<div class=\"elementor-element elementor-element-f5fe0a1 elementor--h-position-left elementor--v-position-bottom elementor-arrows-position-inside elementor-pagination-position-inside elementor-widget elementor-widget-slides\" data-id=\"f5fe0a1\" data-element_type=\"widget\" data-settings=\"{&quot;navigation&quot;:&quot;both&quot;,&quot;autoplay&quot;:&quot;yes&quot;,&quot;pause_on_hover&quot;:&quot;yes&quot;,&quot;pause_on_interaction&quot;:&quot;yes&quot;,&quot;autoplay_speed&quot;:5000,&quot;infinite&quot;:&quot;yes&quot;,&quot;transition&quot;:&quot;slide&quot;,&quot;transition_speed&quot;:500}\" data-widget_type=\"slides.default\">\n\t\t\t\t<div class=\"elementor-widget-container\">\n\t\t\t\t\t\t\t<div class=\"elementor-swiper\">\n\t\t\t<div class=\"elementor-slides-wrapper elementor-main-swiper swiper-container\" dir=\"ltr\" data-animation=\"fadeInUp\">\n\t\t\t\t<div class=\"swiper-wrapper elementor-slides\">\n\t\t\t\t\t\t\t\t\t\t<div class=\"elementor-repeater-item-f675772 swiper-slide\"><div class=\"swiper-slide-bg\"><\/div><div class=\"swiper-slide-inner\" ><div class=\"swiper-slide-contents\"><div class=\"elementor-slide-heading\">SPDA<\/div><\/div><\/div><\/div><div class=\"elementor-repeater-item-7fe2e27 swiper-slide\"><div class=\"swiper-slide-bg\"><\/div><div class=\"swiper-slide-inner\" ><div class=\"swiper-slide-contents\"><div class=\"elementor-slide-heading\">AN\u00c1LISE DE \u00d3LEO ISOLANTE<\/div><\/div><\/div><\/div><div class=\"elementor-repeater-item-1ac7d3a swiper-slide\"><div class=\"swiper-slide-bg\"><\/div><div class=\"swiper-slide-inner\" ><div class=\"swiper-slide-contents\"><div class=\"elementor-slide-heading\">TERMOGRAFIA<\/div><\/div><\/div><\/div><div class=\"elementor-repeater-item-b7ed352 swiper-slide\"><div class=\"swiper-slide-bg\"><\/div><div class=\"swiper-slide-inner\" ><div class=\"swiper-slide-contents\"><div class=\"elementor-slide-heading\">ULTRASSOM<\/div><\/div><\/div><\/div>\t\t\t\t<\/div>\n\t\t\t\t\t\t\t\t\t\t\t\t\t\t\t<div class=\"swiper-pagination\"><\/div>\n\t\t\t\t\t\t\t\t\t\t\t\t\t\t\t\t<div class=\"elementor-swiper-button elementor-swiper-button-prev\">\n\t\t\t\t\t\t\t<i aria-hidden=\"true\" class=\"eicon-chevron-left\"><\/i>\t\t\t\t\t\t\t<span class=\"elementor-screen-only\">Previous<\/span>\n\t\t\t\t\t\t<\/div>\n\t\t\t\t\t\t<div class=\"elementor-swiper-button elementor-swiper-button-next\">\n\t\t\t\t\t\t\t<i aria-hidden=\"true\" class=\"eicon-chevron-right\"><\/i>\t\t\t\t\t\t\t<span class=\"elementor-screen-only\">Next<\/span>\n\t\t\t\t\t\t<\/div>\n\t\t\t\t\t\t\t\t\t\t\t\t<\/div>\n\t\t<\/div>\n\t\t\t\t\t\t<\/div>\n\t\t\t\t<\/div>\n\t\t\t\t<div class=\"elementor-element elementor-element-4aa05c7e elementor-tabs-view-horizontal elementor-widget elementor-widget-tabs\" data-id=\"4aa05c7e\" data-element_type=\"widget\" data-widget_type=\"tabs.default\">\n\t\t\t\t<div class=\"elementor-widget-container\">\n\t\t\t\t\t\t\t<div class=\"elementor-tabs\">\n\t\t\t<div class=\"elementor-tabs-wrapper\" role=\"tablist\" >\n\t\t\t\t\t\t\t\t\t<div id=\"elementor-tab-title-1251\" class=\"elementor-tab-title elementor-tab-desktop-title\" aria-selected=\"true\" data-tab=\"1\" role=\"tab\" tabindex=\"0\" aria-controls=\"elementor-tab-content-1251\" aria-expanded=\"false\">SPDA<\/div>\n\t\t\t\t\t\t\t\t\t<div id=\"elementor-tab-title-1252\" class=\"elementor-tab-title elementor-tab-desktop-title\" aria-selected=\"false\" data-tab=\"2\" role=\"tab\" tabindex=\"-1\" aria-controls=\"elementor-tab-content-1252\" aria-expanded=\"false\">Analise de \u00d3leo Isolante Mineral<\/div>\n\t\t\t\t\t\t\t\t\t<div id=\"elementor-tab-title-1253\" class=\"elementor-tab-title elementor-tab-desktop-title\" aria-selected=\"false\" data-tab=\"3\" role=\"tab\" tabindex=\"-1\" aria-controls=\"elementor-tab-content-1253\" aria-expanded=\"false\">Termografia<\/div>\n\t\t\t\t\t\t\t\t\t<div id=\"elementor-tab-title-1254\" class=\"elementor-tab-title elementor-tab-desktop-title\" aria-selected=\"false\" data-tab=\"4\" role=\"tab\" tabindex=\"-1\" aria-controls=\"elementor-tab-content-1254\" aria-expanded=\"false\">Ultrassom<\/div>\n\t\t\t\t\t\t\t<\/div>\n\t\t\t<div class=\"elementor-tabs-content-wrapper\" role=\"tablist\" aria-orientation=\"vertical\">\n\t\t\t\t\t\t\t\t\t<div class=\"elementor-tab-title elementor-tab-mobile-title\" aria-selected=\"true\" data-tab=\"1\" role=\"tab\" tabindex=\"0\" aria-controls=\"elementor-tab-content-1251\" aria-expanded=\"false\">SPDA<\/div>\n\t\t\t\t\t<div id=\"elementor-tab-content-1251\" class=\"elementor-tab-content elementor-clearfix\" data-tab=\"1\" role=\"tabpanel\" aria-labelledby=\"elementor-tab-title-1251\" tabindex=\"0\" hidden=\"false\"><p>A W-Service disp\u00f5e de profissionais especializados para a verifica\u00e7\u00e3o e adequa\u00e7\u00e3o de sistemas de P\u00e1ra-raios (SPDA) e Aterramento para edifica\u00e7\u00f5es garantem a seguran\u00e7a do pessoal e das instala\u00e7\u00f5es existentes.<\/p><\/div>\n\t\t\t\t\t\t\t\t\t<div class=\"elementor-tab-title elementor-tab-mobile-title\" aria-selected=\"false\" data-tab=\"2\" role=\"tab\" tabindex=\"-1\" aria-controls=\"elementor-tab-content-1252\" aria-expanded=\"false\">Analise de \u00d3leo Isolante Mineral<\/div>\n\t\t\t\t\t<div id=\"elementor-tab-content-1252\" class=\"elementor-tab-content elementor-clearfix\" data-tab=\"2\" role=\"tabpanel\" aria-labelledby=\"elementor-tab-title-1252\" tabindex=\"0\" hidden=\"hidden\"><p>An\u00e1lise de \u00f3leo F\u00edsico-Qu\u00edmica, Cromatogr\u00e1fica e Especiais, s\u00e3o ensaios fundamentais capazes de diagnosticar a qualidade do \u00f3leo mineral isolante, com agilidade e precis\u00e3o necess\u00e1ria, dando subs\u00eddios confi\u00e1veis ao departamento de engenharia e compras de sua empresa para programa\u00e7\u00e3o e planejamento da melhor forma de atua\u00e7\u00e3o junto ao problema encontrado no equipamento.<\/p><\/div>\n\t\t\t\t\t\t\t\t\t<div class=\"elementor-tab-title elementor-tab-mobile-title\" aria-selected=\"false\" data-tab=\"3\" role=\"tab\" tabindex=\"-1\" aria-controls=\"elementor-tab-content-1253\" aria-expanded=\"false\">Termografia<\/div>\n\t\t\t\t\t<div id=\"elementor-tab-content-1253\" class=\"elementor-tab-content elementor-clearfix\" data-tab=\"3\" role=\"tabpanel\" aria-labelledby=\"elementor-tab-title-1253\" tabindex=\"0\" hidden=\"hidden\"><p>\u00c9 o m\u00e9todo mais avan\u00e7ado de testes n\u00e3o destrutivos existente. O uso de um conjunto de instrumentos sens\u00edveis \u00e0 radia\u00e7\u00e3o infravermelho \u2013 termovisores e radi\u00f4metros \u2013 permite visualizar o perfil t\u00e9rmico e medir as varia\u00e7\u00f5es de calor emitido pelas diversas regi\u00f5es da superf\u00edcie de um corpo sem a necessidade de contato f\u00edsico com o mesmo fazendo uma an\u00e1lise visando a corre\u00e7\u00e3o do problema.<\/p><\/div>\n\t\t\t\t\t\t\t\t\t<div class=\"elementor-tab-title elementor-tab-mobile-title\" aria-selected=\"false\" data-tab=\"4\" role=\"tab\" tabindex=\"-1\" aria-controls=\"elementor-tab-content-1254\" aria-expanded=\"false\">Ultrassom<\/div>\n\t\t\t\t\t<div id=\"elementor-tab-content-1254\" class=\"elementor-tab-content elementor-clearfix\" data-tab=\"4\" role=\"tabpanel\" aria-labelledby=\"elementor-tab-title-1254\" tabindex=\"0\" hidden=\"hidden\"><p>Com a inspe\u00e7\u00e3o por ultrassom, muitas anormalidades que passariam desapercebidas e s\u00f3 apareceriam ap\u00f3s uma ocorr\u00eancia grave, tais como: efeito corona, descargas por arco el\u00e9trico, mau contato, isoladores danificados, defeitos em transformadores, vazamento de g\u00e1s, cabos e termina\u00e7\u00f5es danificadas, etc, s\u00e3o detectados com anteced\u00eancia permitindo um planejamento confi\u00e1vel da corre\u00e7\u00e3o da anormalidade.<\/p><\/div>\n\t\t\t\t\t\t\t<\/div>\n\t\t<\/div>\n\t\t\t\t\t\t<\/div>\n\t\t\t\t<\/div>\n\t\t\t\t\t<\/div>\n\t\t<\/div>\n\t\t\t\t<div class=\"elementor-column elementor-col-50 elementor-inner-column elementor-element elementor-element-9c0754e\" data-id=\"9c0754e\" data-element_type=\"column\" data-settings=\"{&quot;background_background&quot;:&quot;classic&quot;}\">\n\t\t\t<div class=\"elementor-widget-wrap elementor-element-populated\">\n\t\t\t\t\t\t<div class=\"elementor-element elementor-element-73cdca74 elementor-widget elementor-widget-heading\" data-id=\"73cdca74\" data-element_type=\"widget\" data-widget_type=\"heading.default\">\n\t\t\t\t<div class=\"elementor-widget-container\">\n\t\t\t\t\t<h5 class=\"elementor-heading-title elementor-size-default\">Por que fazer a Manuten\u00e7\u00e3o Preditiva?<\/h5>\t\t\t\t<\/div>\n\t\t\t\t<\/div>\n\t\t\t\t<div class=\"elementor-element elementor-element-581bbcf elementor-align-left elementor-list-item-link-full_width elementor-widget elementor-widget-icon-list\" data-id=\"581bbcf\" data-element_type=\"widget\" data-widget_type=\"icon-list.default\">\n\t\t\t\t<div class=\"elementor-widget-container\">\n\t\t\t\t\t\t\t<ul class=\"elementor-icon-list-items\">\n\t\t\t\t\t\t\t<li class=\"elementor-icon-list-item\">\n\t\t\t\t\t\t\t\t\t\t\t<span class=\"elementor-icon-list-icon\">\n\t\t\t\t\t\t\t<i aria-hidden=\"true\" class=\"fas fa-check-circle\"><\/i>\t\t\t\t\t\t<\/span>\n\t\t\t\t\t\t\t\t\t\t<span class=\"elementor-icon-list-text\">Antecipar problemas na cadeia de produ\u00e7\u00e3o;<\/span>\n\t\t\t\t\t\t\t\t\t<\/li>\n\t\t\t\t\t\t\t\t<li class=\"elementor-icon-list-item\">\n\t\t\t\t\t\t\t\t\t\t\t<span class=\"elementor-icon-list-icon\">\n\t\t\t\t\t\t\t<i aria-hidden=\"true\" class=\"fas fa-check-circle\"><\/i>\t\t\t\t\t\t<\/span>\n\t\t\t\t\t\t\t\t\t\t<span class=\"elementor-icon-list-text\">Garantir que os processos da empresa continuem correndo normalmente;<\/span>\n\t\t\t\t\t\t\t\t\t<\/li>\n\t\t\t\t\t\t\t\t<li class=\"elementor-icon-list-item\">\n\t\t\t\t\t\t\t\t\t\t\t<span class=\"elementor-icon-list-icon\">\n\t\t\t\t\t\t\t<i aria-hidden=\"true\" class=\"fas fa-check-circle\"><\/i>\t\t\t\t\t\t<\/span>\n\t\t\t\t\t\t\t\t\t\t<span class=\"elementor-icon-list-text\">Manter-se em um bom lugar na vis\u00e3o de seus consumidores tendo processos regulamentados.<\/span>\n\t\t\t\t\t\t\t\t\t<\/li>\n\t\t\t\t\t\t<\/ul>\n\t\t\t\t\t\t<\/div>\n\t\t\t\t<\/div>\n\t\t\t\t<div class=\"elementor-element elementor-element-fc92b02 elementor-widget elementor-widget-spacer\" data-id=\"fc92b02\" data-element_type=\"widget\" data-widget_type=\"spacer.default\">\n\t\t\t\t<div class=\"elementor-widget-container\">\n\t\t\t\t\t\t\t<div class=\"elementor-spacer\">\n\t\t\t<div class=\"elementor-spacer-inner\"><\/div>\n\t\t<\/div>\n\t\t\t\t\t\t<\/div>\n\t\t\t\t<\/div>\n\t\t\t\t<div class=\"elementor-element elementor-element-344c6d3c elementor-widget elementor-widget-heading\" data-id=\"344c6d3c\" data-element_type=\"widget\" data-widget_type=\"heading.default\">\n\t\t\t\t<div class=\"elementor-widget-container\">\n\t\t\t\t\t<h5 class=\"elementor-heading-title elementor-size-default\">PERGUNTAS FREQUENTES SOBRE MANUTEN\u00c7\u00c3O PREDITIVA<\/h5>\t\t\t\t<\/div>\n\t\t\t\t<\/div>\n\t\t\t\t<div class=\"elementor-element elementor-element-ba27de3 elementor-widget elementor-widget-toggle\" data-id=\"ba27de3\" data-element_type=\"widget\" data-widget_type=\"toggle.default\">\n\t\t\t\t<div class=\"elementor-widget-container\">\n\t\t\t\t\t\t\t<div class=\"elementor-toggle\">\n\t\t\t\t\t\t\t<div class=\"elementor-toggle-item\">\n\t\t\t\t\t<h6 id=\"elementor-tab-title-1951\" class=\"elementor-tab-title\" data-tab=\"1\" role=\"button\" aria-controls=\"elementor-tab-content-1951\" aria-expanded=\"false\">\n\t\t\t\t\t\t\t\t\t\t\t\t<span class=\"elementor-toggle-icon elementor-toggle-icon-right\" aria-hidden=\"true\">\n\t\t\t\t\t\t\t\t\t\t\t\t\t\t\t<span class=\"elementor-toggle-icon-closed\"><i class=\"fas fa-angle-down\"><\/i><\/span>\n\t\t\t\t\t\t\t\t<span class=\"elementor-toggle-icon-opened\"><i class=\"elementor-toggle-icon-opened fas fa-angle-up\"><\/i><\/span>\n\t\t\t\t\t\t\t\t\t\t\t\t\t<\/span>\n\t\t\t\t\t\t\t\t\t\t\t\t<a class=\"elementor-toggle-title\" tabindex=\"0\">O que diferencia a Manuten\u00e7\u00e3o \"Preditiva\" da \"Preventiva\"?<\/a>\n\t\t\t\t\t<\/h6>\n\n\t\t\t\t\t<div id=\"elementor-tab-content-1951\" class=\"elementor-tab-content elementor-clearfix\" data-tab=\"1\" role=\"region\" aria-labelledby=\"elementor-tab-title-1951\"><p><span style=\"font-weight: 400;\">O diferencial entre as duas \u00e9 a sistematiza\u00e7\u00e3o, que na preventiva vemos uma realiza\u00e7\u00e3o peri\u00f3dica, sem a avalia\u00e7\u00e3o do estado\/estrutura da m\u00e1quina, diferente da preditiva.<\/span><\/p><\/div>\n\t\t\t\t<\/div>\n\t\t\t\t\t\t\t<div class=\"elementor-toggle-item\">\n\t\t\t\t\t<h6 id=\"elementor-tab-title-1952\" class=\"elementor-tab-title\" data-tab=\"2\" role=\"button\" aria-controls=\"elementor-tab-content-1952\" aria-expanded=\"false\">\n\t\t\t\t\t\t\t\t\t\t\t\t<span class=\"elementor-toggle-icon elementor-toggle-icon-right\" aria-hidden=\"true\">\n\t\t\t\t\t\t\t\t\t\t\t\t\t\t\t<span class=\"elementor-toggle-icon-closed\"><i class=\"fas fa-angle-down\"><\/i><\/span>\n\t\t\t\t\t\t\t\t<span class=\"elementor-toggle-icon-opened\"><i class=\"elementor-toggle-icon-opened fas fa-angle-up\"><\/i><\/span>\n\t\t\t\t\t\t\t\t\t\t\t\t\t<\/span>\n\t\t\t\t\t\t\t\t\t\t\t\t<a class=\"elementor-toggle-title\" tabindex=\"0\">Quais os principais processos da Manuten\u00e7\u00e3o Preditiva?<\/a>\n\t\t\t\t\t<\/h6>\n\n\t\t\t\t\t<div id=\"elementor-tab-content-1952\" class=\"elementor-tab-content elementor-clearfix\" data-tab=\"2\" role=\"region\" aria-labelledby=\"elementor-tab-title-1952\"><p><span style=\"font-weight: 400;\">Se tratam todos de processos n\u00e3o destrutivos, entre eles a ultrassonografia, an\u00e1lise de vibra\u00e7\u00e3o e inspe\u00e7\u00e3o visual.<\/span><\/p><\/div>\n\t\t\t\t<\/div>\n\t\t\t\t\t\t\t<div class=\"elementor-toggle-item\">\n\t\t\t\t\t<h6 id=\"elementor-tab-title-1953\" class=\"elementor-tab-title\" data-tab=\"3\" role=\"button\" aria-controls=\"elementor-tab-content-1953\" aria-expanded=\"false\">\n\t\t\t\t\t\t\t\t\t\t\t\t<span class=\"elementor-toggle-icon elementor-toggle-icon-right\" aria-hidden=\"true\">\n\t\t\t\t\t\t\t\t\t\t\t\t\t\t\t<span class=\"elementor-toggle-icon-closed\"><i class=\"fas fa-angle-down\"><\/i><\/span>\n\t\t\t\t\t\t\t\t<span class=\"elementor-toggle-icon-opened\"><i class=\"elementor-toggle-icon-opened fas fa-angle-up\"><\/i><\/span>\n\t\t\t\t\t\t\t\t\t\t\t\t\t<\/span>\n\t\t\t\t\t\t\t\t\t\t\t\t<a class=\"elementor-toggle-title\" tabindex=\"0\">Em que m\u00e1quinas \/ equipamentos \u00e9 realizada a Manuten\u00e7\u00e3o Preditiva?<\/a>\n\t\t\t\t\t<\/h6>\n\n\t\t\t\t\t<div id=\"elementor-tab-content-1953\" class=\"elementor-tab-content elementor-clearfix\" data-tab=\"3\" role=\"region\" aria-labelledby=\"elementor-tab-title-1953\"><p><span style=\"font-weight: 400;\">Entre eles est\u00e3o componentes de sistema de vapor, fus\u00edveis, capacitores, transformadores, motores, eletr\u00f4nicos de pot\u00eancia, caldeiras, etc.<\/span><\/p><\/div>\n\t\t\t\t<\/div>\n\t\t\t\t\t\t\t\t\t\t<script type=\"application\/ld+json\">{\"@context\":\"https:\\\/\\\/schema.org\",\"@type\":\"FAQPage\",\"mainEntity\":[{\"@type\":\"Question\",\"name\":\"O que diferencia a Manuten\\u00e7\\u00e3o \\\"Preditiva\\\" da \\\"Preventiva\\\"?\",\"acceptedAnswer\":{\"@type\":\"Answer\",\"text\":\"<p><span style=\\\"font-weight: 400;\\\">O diferencial entre as duas \\u00e9 a sistematiza\\u00e7\\u00e3o, que na preventiva vemos uma realiza\\u00e7\\u00e3o peri\\u00f3dica, sem a avalia\\u00e7\\u00e3o do estado\\\/estrutura da m\\u00e1quina, diferente da preditiva.<\\\/span><\\\/p>\"}},{\"@type\":\"Question\",\"name\":\"Quais os principais processos da Manuten\\u00e7\\u00e3o Preditiva?\",\"acceptedAnswer\":{\"@type\":\"Answer\",\"text\":\"<p><span style=\\\"font-weight: 400;\\\">Se tratam todos de processos n\\u00e3o destrutivos, entre eles a ultrassonografia, an\\u00e1lise de vibra\\u00e7\\u00e3o e inspe\\u00e7\\u00e3o visual.<\\\/span><\\\/p>\"}},{\"@type\":\"Question\",\"name\":\"Em que m\\u00e1quinas \\\/ equipamentos \\u00e9 realizada a Manuten\\u00e7\\u00e3o Preditiva?\",\"acceptedAnswer\":{\"@type\":\"Answer\",\"text\":\"<p><span style=\\\"font-weight: 400;\\\">Entre eles est\\u00e3o componentes de sistema de vapor, fus\\u00edveis, capacitores, transformadores, motores, eletr\\u00f4nicos de pot\\u00eancia, caldeiras, etc.<\\\/span><\\\/p>\"}}]}<\/script>\n\t\t\t\t\t<\/div>\n\t\t\t\t\t\t<\/div>\n\t\t\t\t<\/div>\n\t\t\t\t\t<\/div>\n\t\t<\/div>\n\t\t\t\t\t<\/div>\n\t\t<\/section>\n\t\t\t\t\t<\/div>\n\t\t<\/div>\n\t\t\t\t\t<\/div>\n\t\t<\/section>\n\t\t\t\t<\/div>\n\t\t","protected":false},"excerpt":{"rendered":"<p>MANUTEN\u00c7\u00c3O PREDITIVA SPDAAN\u00c1LISE DE \u00d3LEO ISOLANTETERMOGRAFIAULTRASSOM Previous Next SPDA Analise de \u00d3leo Isolante Mineral Termografia Ultrassom SPDA A W-Service disp\u00f5e de profissionais especializados para a verifica\u00e7\u00e3o e adequa\u00e7\u00e3o de sistemas de P\u00e1ra-raios (SPDA) e Aterramento para edifica\u00e7\u00f5es garantem a seguran\u00e7a do pessoal e das instala\u00e7\u00f5es existentes. Analise de \u00d3leo Isolante Mineral An\u00e1lise de \u00f3leo F\u00edsico-Qu\u00edmica, [&hellip;]<\/p>\n","protected":false},"author":1,"featured_media":0,"parent":101,"menu_order":0,"comment_status":"closed","ping_status":"closed","template":"","meta":{"footnotes":""},"yst_prominent_words":[],"class_list":["post-212","page","type-page","status-publish","hentry"],"_links":{"self":[{"href":"https:\/\/wservice.com.br\/site\/wp-json\/wp\/v2\/pages\/212","targetHints":{"allow":["GET"]}}],"collection":[{"href":"https:\/\/wservice.com.br\/site\/wp-json\/wp\/v2\/pages"}],"about":[{"href":"https:\/\/wservice.com.br\/site\/wp-json\/wp\/v2\/types\/page"}],"author":[{"embeddable":true,"href":"https:\/\/wservice.com.br\/site\/wp-json\/wp\/v2\/users\/1"}],"replies":[{"embeddable":true,"href":"https:\/\/wservice.com.br\/site\/wp-json\/wp\/v2\/comments?post=212"}],"version-history":[{"count":43,"href":"https:\/\/wservice.com.br\/site\/wp-json\/wp\/v2\/pages\/212\/revisions"}],"predecessor-version":[{"id":1108,"href":"https:\/\/wservice.com.br\/site\/wp-json\/wp\/v2\/pages\/212\/revisions\/1108"}],"up":[{"embeddable":true,"href":"https:\/\/wservice.com.br\/site\/wp-json\/wp\/v2\/pages\/101"}],"wp:attachment":[{"href":"https:\/\/wservice.com.br\/site\/wp-json\/wp\/v2\/media?parent=212"}],"wp:term":[{"taxonomy":"yst_prominent_words","embeddable":true,"href":"https:\/\/wservice.com.br\/site\/wp-json\/wp\/v2\/yst_prominent_words?post=212"}],"curies":[{"name":"wp","href":"https:\/\/api.w.org\/{rel}","templated":true}]}}